{"id":20,"date":"2025-02-08T10:52:35","date_gmt":"2025-02-08T09:52:35","guid":{"rendered":"https:\/\/irisbeaute.fr\/?page_id=20"},"modified":"2025-04-13T16:23:14","modified_gmt":"2025-04-13T14:23:14","slug":"mentions-legales","status":"publish","type":"page","link":"https:\/\/irisbeaute.fr\/index.php\/mentions-legales\/","title":{"rendered":"Mentions l\u00e9gales"},"content":{"rendered":"\n<p>Conform\u00e9ment aux dispositions de la loi n\u00b0 2004-575 du 21 juin 2004 pour la confiance en l\u2019\u00e9conomie num\u00e9rique, il est pr\u00e9cis\u00e9 aux utilisateurs du site IRIS BEAUTE l\u2019identit\u00e9 des diff\u00e9rents intervenants dans le cadre de sa r\u00e9alisation et de son suivi.<\/p>\n\n\n\n<p><strong>Edition du site&nbsp;<\/strong><\/p>\n\n\n\n<p>Le pr\u00e9sent site, accessible \u00e0 l\u2019URL www.irisbeaute.fr (le \u00ab Site \u00bb), est \u00e9dit\u00e9 par :<\/p>\n\n\n\n<p>Carine BONNEAU,\u00a0 inscrite au R.C.S. de AVIGNON sous le num\u00e9ro A 489 630 657.<\/p>\n\n\n\n<p><strong>Cr\u00e9ation et gestion du site<\/strong><\/p>\n\n\n\n<p><strong>Cr\u00e9ation et d\u00e9veloppement<\/strong> : <strong><a href=\"http:\/\/16lagence.fr\/\">16, l&#8217;agence<\/a><\/strong><br>Pour toute question ou signalement concernant le site, vous pouvez contacter le webmaster \u00e0 l\u2019adresse suivante : <a>contact@16lagence.fr<\/a>.<\/p>\n\n\n\n<p><strong>H\u00e9bergement<\/strong><br><br>Le Site est h\u00e9berg\u00e9 par la soci\u00e9t\u00e9 OVH SAS, situ\u00e9 2 rue Kellermann \u2013 BP 80157 \u2013 59053 Roubaix Cedex 1, (contact t\u00e9l\u00e9phonique ou email : 1007).<\/p>\n\n\n\n<p><strong>Directeur de publication&nbsp;<\/strong><br><br>Le Directeur de la publication du Site est Carine BONNEAU.<\/p>\n\n\n\n<p><strong>Nous contacter&nbsp;<\/strong><\/p>\n\n\n\n<p>Via le <a href=\"https:\/\/irisbeaute.fr\/index.php\/contact\/\" data-type=\"page\" data-id=\"18\">formulaire de contact.<\/a><\/p>\n\n\n\n<p>Par courrier&nbsp;: 4 lotissement le Saint Louis 2, 84370, BEDARRIDES<\/p>\n\n\n\n<p><strong>Donn\u00e9es personnelles<\/strong><\/p>\n\n\n\n<p>Le traitement de vos donn\u00e9es \u00e0 caract\u00e8re personnel est r\u00e9gi par notre Charte du respect de la vie priv\u00e9e, disponible depuis la section \u00ab&nbsp;Charte de Protection des Donn\u00e9es Personnelles&nbsp;\u00bb, conform\u00e9ment au R\u00e8glement G\u00e9n\u00e9ral sur la Protection des Donn\u00e9es 2016\/679 du 27 avril 2016 (\u00abRGPD\u00bb).<\/p>\n","protected":false},"excerpt":{"rendered":"<p>Conform\u00e9ment aux dispositions de la loi n\u00b0 2004-575 du 21 juin 2004 pour la confiance en l\u2019\u00e9conomie num\u00e9rique, il est pr\u00e9cis\u00e9 aux utilisateurs du site IRIS BEAUTE l\u2019identit\u00e9 des diff\u00e9rents intervenants dans le cadre de sa r\u00e9alisation et de son suivi. Edition du site&nbsp; Le pr\u00e9sent site, accessible \u00e0 l\u2019URL www.irisbeaute.fr (le \u00ab Site \u00bb), [&hellip;]<\/p>\n","protected":false},"author":1,"featured_media":0,"parent":0,"menu_order":0,"comment_status":"closed","ping_status":"closed","template":"","meta":{"footnotes":""},"class_list":["post-20","page","type-page","status-publish","hentry"],"yoast_head":"<!-- This site is optimized with the Yoast SEO plugin v27.5 - https:\/\/yoast.com\/product\/yoast-seo-wordpress\/ -->\n<title>Mentions l\u00e9gales - Institut Iris Beaut\u00e9<\/title>\n<meta name=\"robots\" content=\"index, follow, max-snippet:-1, max-image-preview:large, max-video-preview:-1\" \/>\n<link rel=\"canonical\" href=\"https:\/\/irisbeaute.fr\/index.php\/mentions-legales\/\" \/>\n<meta property=\"og:locale\" content=\"en_US\" \/>\n<meta property=\"og:type\" content=\"article\" \/>\n<meta property=\"og:title\" content=\"Mentions l\u00e9gales - Institut Iris Beaut\u00e9\" \/>\n<meta property=\"og:description\" content=\"Conform\u00e9ment aux dispositions de la loi n\u00b0 2004-575 du 21 juin 2004 pour la confiance en l\u2019\u00e9conomie num\u00e9rique, il est pr\u00e9cis\u00e9 aux utilisateurs du site IRIS BEAUTE l\u2019identit\u00e9 des diff\u00e9rents intervenants dans le cadre de sa r\u00e9alisation et de son suivi. Edition du site&nbsp; Le pr\u00e9sent site, accessible \u00e0 l\u2019URL www.irisbeaute.fr (le \u00ab Site \u00bb), [&hellip;]\" \/>\n<meta property=\"og:url\" content=\"https:\/\/irisbeaute.fr\/index.php\/mentions-legales\/\" \/>\n<meta property=\"og:site_name\" content=\"Institut Iris Beaut\u00e9\" \/>\n<meta property=\"article:modified_time\" content=\"2025-04-13T14:23:14+00:00\" \/>\n<meta name=\"twitter:card\" content=\"summary_large_image\" \/>\n<meta name=\"twitter:label1\" content=\"Est. reading time\" \/>\n\t<meta name=\"twitter:data1\" content=\"1 minute\" \/>\n<script type=\"application\/ld+json\" class=\"yoast-schema-graph\">{\"@context\":\"https:\\\/\\\/schema.org\",\"@graph\":[{\"@type\":\"WebPage\",\"@id\":\"https:\\\/\\\/irisbeaute.fr\\\/index.php\\\/mentions-legales\\\/\",\"url\":\"https:\\\/\\\/irisbeaute.fr\\\/index.php\\\/mentions-legales\\\/\",\"name\":\"Mentions l\u00e9gales - Institut Iris Beaut\u00e9\",\"isPartOf\":{\"@id\":\"https:\\\/\\\/irisbeaute.fr\\\/#website\"},\"datePublished\":\"2025-02-08T09:52:35+00:00\",\"dateModified\":\"2025-04-13T14:23:14+00:00\",\"breadcrumb\":{\"@id\":\"https:\\\/\\\/irisbeaute.fr\\\/index.php\\\/mentions-legales\\\/#breadcrumb\"},\"inLanguage\":\"en-US\",\"potentialAction\":[{\"@type\":\"ReadAction\",\"target\":[\"https:\\\/\\\/irisbeaute.fr\\\/index.php\\\/mentions-legales\\\/\"]}]},{\"@type\":\"BreadcrumbList\",\"@id\":\"https:\\\/\\\/irisbeaute.fr\\\/index.php\\\/mentions-legales\\\/#breadcrumb\",\"itemListElement\":[{\"@type\":\"ListItem\",\"position\":1,\"name\":\"Accueil\",\"item\":\"https:\\\/\\\/irisbeaute.fr\\\/\"},{\"@type\":\"ListItem\",\"position\":2,\"name\":\"Mentions l\u00e9gales\"}]},{\"@type\":\"WebSite\",\"@id\":\"https:\\\/\\\/irisbeaute.fr\\\/#website\",\"url\":\"https:\\\/\\\/irisbeaute.fr\\\/\",\"name\":\"Institut Iris Beaut\u00e9\",\"description\":\"Institut de beaut\u00e9 \u00e0 B\u00e9darrides\",\"publisher\":{\"@id\":\"https:\\\/\\\/irisbeaute.fr\\\/#organization\"},\"potentialAction\":[{\"@type\":\"SearchAction\",\"target\":{\"@type\":\"EntryPoint\",\"urlTemplate\":\"https:\\\/\\\/irisbeaute.fr\\\/?s={search_term_string}\"},\"query-input\":{\"@type\":\"PropertyValueSpecification\",\"valueRequired\":true,\"valueName\":\"search_term_string\"}}],\"inLanguage\":\"en-US\"},{\"@type\":\"Organization\",\"@id\":\"https:\\\/\\\/irisbeaute.fr\\\/#organization\",\"name\":\"Institut Iris Beaut\u00e9\",\"url\":\"https:\\\/\\\/irisbeaute.fr\\\/\",\"logo\":{\"@type\":\"ImageObject\",\"inLanguage\":\"en-US\",\"@id\":\"https:\\\/\\\/irisbeaute.fr\\\/#\\\/schema\\\/logo\\\/image\\\/\",\"url\":\"https:\\\/\\\/irisbeaute.fr\\\/wp-content\\\/uploads\\\/2025\\\/02\\\/logo-iris-beaute.png\",\"contentUrl\":\"https:\\\/\\\/irisbeaute.fr\\\/wp-content\\\/uploads\\\/2025\\\/02\\\/logo-iris-beaute.png\",\"width\":500,\"height\":500,\"caption\":\"Institut Iris Beaut\u00e9\"},\"image\":{\"@id\":\"https:\\\/\\\/irisbeaute.fr\\\/#\\\/schema\\\/logo\\\/image\\\/\"}}]}<\/script>\n<!-- \/ Yoast SEO plugin. -->","yoast_head_json":{"title":"Mentions l\u00e9gales - Institut Iris Beaut\u00e9","robots":{"index":"index","follow":"follow","max-snippet":"max-snippet:-1","max-image-preview":"max-image-preview:large","max-video-preview":"max-video-preview:-1"},"canonical":"https:\/\/irisbeaute.fr\/index.php\/mentions-legales\/","og_locale":"en_US","og_type":"article","og_title":"Mentions l\u00e9gales - Institut Iris Beaut\u00e9","og_description":"Conform\u00e9ment aux dispositions de la loi n\u00b0 2004-575 du 21 juin 2004 pour la confiance en l\u2019\u00e9conomie num\u00e9rique, il est pr\u00e9cis\u00e9 aux utilisateurs du site IRIS BEAUTE l\u2019identit\u00e9 des diff\u00e9rents intervenants dans le cadre de sa r\u00e9alisation et de son suivi. Edition du site&nbsp; Le pr\u00e9sent site, accessible \u00e0 l\u2019URL www.irisbeaute.fr (le \u00ab Site \u00bb), [&hellip;]","og_url":"https:\/\/irisbeaute.fr\/index.php\/mentions-legales\/","og_site_name":"Institut Iris Beaut\u00e9","article_modified_time":"2025-04-13T14:23:14+00:00","twitter_card":"summary_large_image","twitter_misc":{"Est. reading time":"1 minute"},"schema":{"@context":"https:\/\/schema.org","@graph":[{"@type":"WebPage","@id":"https:\/\/irisbeaute.fr\/index.php\/mentions-legales\/","url":"https:\/\/irisbeaute.fr\/index.php\/mentions-legales\/","name":"Mentions l\u00e9gales - Institut Iris Beaut\u00e9","isPartOf":{"@id":"https:\/\/irisbeaute.fr\/#website"},"datePublished":"2025-02-08T09:52:35+00:00","dateModified":"2025-04-13T14:23:14+00:00","breadcrumb":{"@id":"https:\/\/irisbeaute.fr\/index.php\/mentions-legales\/#breadcrumb"},"inLanguage":"en-US","potentialAction":[{"@type":"ReadAction","target":["https:\/\/irisbeaute.fr\/index.php\/mentions-legales\/"]}]},{"@type":"BreadcrumbList","@id":"https:\/\/irisbeaute.fr\/index.php\/mentions-legales\/#breadcrumb","itemListElement":[{"@type":"ListItem","position":1,"name":"Accueil","item":"https:\/\/irisbeaute.fr\/"},{"@type":"ListItem","position":2,"name":"Mentions l\u00e9gales"}]},{"@type":"WebSite","@id":"https:\/\/irisbeaute.fr\/#website","url":"https:\/\/irisbeaute.fr\/","name":"Institut Iris Beaut\u00e9","description":"Institut de beaut\u00e9 \u00e0 B\u00e9darrides","publisher":{"@id":"https:\/\/irisbeaute.fr\/#organization"},"potentialAction":[{"@type":"SearchAction","target":{"@type":"EntryPoint","urlTemplate":"https:\/\/irisbeaute.fr\/?s={search_term_string}"},"query-input":{"@type":"PropertyValueSpecification","valueRequired":true,"valueName":"search_term_string"}}],"inLanguage":"en-US"},{"@type":"Organization","@id":"https:\/\/irisbeaute.fr\/#organization","name":"Institut Iris Beaut\u00e9","url":"https:\/\/irisbeaute.fr\/","logo":{"@type":"ImageObject","inLanguage":"en-US","@id":"https:\/\/irisbeaute.fr\/#\/schema\/logo\/image\/","url":"https:\/\/irisbeaute.fr\/wp-content\/uploads\/2025\/02\/logo-iris-beaute.png","contentUrl":"https:\/\/irisbeaute.fr\/wp-content\/uploads\/2025\/02\/logo-iris-beaute.png","width":500,"height":500,"caption":"Institut Iris Beaut\u00e9"},"image":{"@id":"https:\/\/irisbeaute.fr\/#\/schema\/logo\/image\/"}}]}},"_links":{"self":[{"href":"https:\/\/irisbeaute.fr\/index.php\/wp-json\/wp\/v2\/pages\/20","targetHints":{"allow":["GET"]}}],"collection":[{"href":"https:\/\/irisbeaute.fr\/index.php\/wp-json\/wp\/v2\/pages"}],"about":[{"href":"https:\/\/irisbeaute.fr\/index.php\/wp-json\/wp\/v2\/types\/page"}],"author":[{"embeddable":true,"href":"https:\/\/irisbeaute.fr\/index.php\/wp-json\/wp\/v2\/users\/1"}],"replies":[{"embeddable":true,"href":"https:\/\/irisbeaute.fr\/index.php\/wp-json\/wp\/v2\/comments?post=20"}],"version-history":[{"count":3,"href":"https:\/\/irisbeaute.fr\/index.php\/wp-json\/wp\/v2\/pages\/20\/revisions"}],"predecessor-version":[{"id":274,"href":"https:\/\/irisbeaute.fr\/index.php\/wp-json\/wp\/v2\/pages\/20\/revisions\/274"}],"wp:attachment":[{"href":"https:\/\/irisbeaute.fr\/index.php\/wp-json\/wp\/v2\/media?parent=20"}],"curies":[{"name":"wp","href":"https:\/\/api.w.org\/{rel}","templated":true}]}}