{"id":18,"date":"2025-02-08T10:52:15","date_gmt":"2025-02-08T09:52:15","guid":{"rendered":"https:\/\/irisbeaute.fr\/?page_id=18"},"modified":"2025-04-22T16:52:59","modified_gmt":"2025-04-22T14:52:59","slug":"contact","status":"publish","type":"page","link":"https:\/\/irisbeaute.fr\/index.php\/contact\/","title":{"rendered":"Contact"},"content":{"rendered":"\n<p class=\"has-text-align-center\" style=\"font-size:clamp(18.959px, 1.185rem + ((1vw - 3.2px) * 1.346), 30px);\">Prise de RDV <strong>uniquement <\/strong>par t\u00e9l\u00e9phone.<\/p>\n\n\n\n<div class=\"wp-block-group alignfull has-ti-bg-alt-background-color has-background is-layout-constrained wp-container-core-group-is-layout-a8cabacf wp-block-group-is-layout-constrained\" style=\"margin-top:0px;margin-bottom:0px;padding-top:64px;padding-right:24px;padding-bottom:64px;padding-left:24px\">\n<div class=\"wp-block-columns alignwide is-layout-flex wp-container-core-columns-is-layout-6127943d wp-block-columns-is-layout-flex\">\n<div class=\"wp-block-column is-layout-flow wp-block-column-is-layout-flow\" style=\"padding-top:0px;padding-right:0px;padding-bottom:0px;padding-left:0px\">\n<div class=\"wp-block-group is-content-justification-center is-layout-constrained wp-container-core-group-is-layout-3f0fe041 wp-block-group-is-layout-constrained\" style=\"padding-top:0;padding-right:0;padding-bottom:0;padding-left:0\">\n<div class=\"wp-block-group has-ti-accent-background-color has-background is-content-justification-left is-layout-constrained wp-container-core-group-is-layout-781a648b wp-block-group-is-layout-constrained\" style=\"border-radius:100px;min-height:0px;padding-top:16px;padding-right:16px;padding-bottom:16px;padding-left:16px\">\n<figure class=\"wp-block-image size-full\"><img loading=\"lazy\" decoding=\"async\" width=\"500\" height=\"500\" src=\"http:\/\/irisbeaute.fr\/wp-content\/uploads\/2025\/02\/1.png\" alt=\"\" class=\"wp-image-131\" srcset=\"https:\/\/irisbeaute.fr\/wp-content\/uploads\/2025\/02\/1.png 500w, https:\/\/irisbeaute.fr\/wp-content\/uploads\/2025\/02\/1-300x300.png 300w, https:\/\/irisbeaute.fr\/wp-content\/uploads\/2025\/02\/1-150x150.png 150w\" sizes=\"auto, (max-width: 500px) 100vw, 500px\" \/><\/figure>\n<\/div>\n<\/div>\n\n\n\n<p class=\"has-text-align-center\">06 23 51 46 62<\/p>\n<\/div>\n\n\n\n<div class=\"wp-block-column is-layout-flow wp-block-column-is-layout-flow\" style=\"padding-top:0px;padding-right:0px;padding-bottom:0px;padding-left:0px\">\n<div class=\"wp-block-group is-content-justification-center is-layout-constrained wp-container-core-group-is-layout-3f0fe041 wp-block-group-is-layout-constrained\" style=\"padding-top:0;padding-right:0;padding-bottom:0;padding-left:0\">\n<div class=\"wp-block-group has-ti-accent-background-color has-background is-content-justification-left is-layout-constrained wp-container-core-group-is-layout-781a648b wp-block-group-is-layout-constrained\" style=\"border-radius:100px;padding-top:16px;padding-right:16px;padding-bottom:16px;padding-left:16px\">\n<figure class=\"wp-block-image size-full\"><img loading=\"lazy\" decoding=\"async\" width=\"500\" height=\"500\" src=\"http:\/\/irisbeaute.fr\/wp-content\/uploads\/2025\/02\/2.png\" alt=\"\" class=\"wp-image-132\" srcset=\"https:\/\/irisbeaute.fr\/wp-content\/uploads\/2025\/02\/2.png 500w, https:\/\/irisbeaute.fr\/wp-content\/uploads\/2025\/02\/2-300x300.png 300w, https:\/\/irisbeaute.fr\/wp-content\/uploads\/2025\/02\/2-150x150.png 150w\" sizes=\"auto, (max-width: 500px) 100vw, 500px\" \/><\/figure>\n<\/div>\n<\/div>\n\n\n\n<p class=\"has-text-align-center\">4 Lotissement<br>le Saint-Louis 2,<br>84370, B\u00e9darrides<\/p>\n<\/div>\n\n\n\n<div class=\"wp-block-column is-layout-flow wp-block-column-is-layout-flow\" style=\"padding-top:0px;padding-right:0px;padding-bottom:0px;padding-left:0px\">\n<div class=\"wp-block-group is-content-justification-center is-layout-constrained wp-container-core-group-is-layout-3f0fe041 wp-block-group-is-layout-constrained\" style=\"padding-top:0;padding-right:0;padding-bottom:0;padding-left:0\">\n<div class=\"wp-block-group has-ti-accent-background-color has-background is-content-justification-left is-layout-constrained wp-container-core-group-is-layout-781a648b wp-block-group-is-layout-constrained\" style=\"border-radius:100px;padding-top:16px;padding-right:16px;padding-bottom:16px;padding-left:16px\">\n<figure class=\"wp-block-image size-full\"><img loading=\"lazy\" decoding=\"async\" width=\"500\" height=\"500\" src=\"http:\/\/irisbeaute.fr\/wp-content\/uploads\/2025\/02\/3.png\" alt=\"\" class=\"wp-image-133\" srcset=\"https:\/\/irisbeaute.fr\/wp-content\/uploads\/2025\/02\/3.png 500w, https:\/\/irisbeaute.fr\/wp-content\/uploads\/2025\/02\/3-300x300.png 300w, https:\/\/irisbeaute.fr\/wp-content\/uploads\/2025\/02\/3-150x150.png 150w\" sizes=\"auto, (max-width: 500px) 100vw, 500px\" \/><\/figure>\n<\/div>\n<\/div>\n\n\n\n<p class=\"has-text-align-center\">Du lundi au samedi<br><em>(sauf le mercredi)<br><\/em>9h-19h<\/p>\n<\/div>\n<\/div>\n<\/div>\n\n\n\n<div class=\"wp-block-contact-form-7-contact-form-selector\">\n<div class=\"wpcf7 no-js\" id=\"wpcf7-f5-o1\" lang=\"fr-FR\" dir=\"ltr\" data-wpcf7-id=\"5\">\n<div class=\"screen-reader-response\"><p role=\"status\" aria-live=\"polite\" aria-atomic=\"true\"><\/p> <ul><\/ul><\/div>\n<form action=\"\/index.php\/wp-json\/wp\/v2\/pages\/18#wpcf7-f5-o1\" method=\"post\" class=\"wpcf7-form init\" aria-label=\"Formulaire de contact\" novalidate=\"novalidate\" data-status=\"init\">\n<fieldset class=\"hidden-fields-container\"><input type=\"hidden\" name=\"_wpcf7\" value=\"5\" \/><input type=\"hidden\" name=\"_wpcf7_version\" value=\"6.1.5\" \/><input type=\"hidden\" name=\"_wpcf7_locale\" value=\"fr_FR\" \/><input type=\"hidden\" name=\"_wpcf7_unit_tag\" value=\"wpcf7-f5-o1\" \/><input type=\"hidden\" name=\"_wpcf7_container_post\" value=\"0\" \/><input type=\"hidden\" name=\"_wpcf7_posted_data_hash\" value=\"\" \/>\n<\/fieldset>\n<p><label> Votre nom<br \/>\n<span class=\"wpcf7-form-control-wrap\" data-name=\"your-name\"><input size=\"40\" maxlength=\"400\" class=\"wpcf7-form-control wpcf7-text wpcf7-validates-as-required\" autocomplete=\"name\" aria-required=\"true\" aria-invalid=\"false\" value=\"\" type=\"text\" name=\"your-name\" \/><\/span> <\/label>\n<\/p>\n<p><label> Votre e-mail<br \/>\n<span class=\"wpcf7-form-control-wrap\" data-name=\"your-email\"><input size=\"40\" maxlength=\"400\" class=\"wpcf7-form-control wpcf7-email wpcf7-validates-as-required wpcf7-text wpcf7-validates-as-email\" autocomplete=\"email\" aria-required=\"true\" aria-invalid=\"false\" value=\"\" type=\"email\" name=\"your-email\" \/><\/span> <\/label>\n<\/p>\n<p><label> Objet<br \/>\n<span class=\"wpcf7-form-control-wrap\" data-name=\"your-subject\"><input size=\"40\" maxlength=\"400\" class=\"wpcf7-form-control wpcf7-text wpcf7-validates-as-required\" aria-required=\"true\" aria-invalid=\"false\" value=\"\" type=\"text\" name=\"your-subject\" \/><\/span> <\/label>\n<\/p>\n<p><label> Votre message (facultatif)<br \/>\n<span class=\"wpcf7-form-control-wrap\" data-name=\"your-message\"><textarea cols=\"40\" rows=\"10\" maxlength=\"2000\" class=\"wpcf7-form-control wpcf7-textarea\" aria-invalid=\"false\" name=\"your-message\"><\/textarea><\/span> <\/label>\n<\/p>\n<p><input class=\"wpcf7-form-control wpcf7-submit has-spinner\" type=\"submit\" value=\"Envoyer\" \/>\n<\/p><p style=\"display: none !important;\" class=\"akismet-fields-container\" data-prefix=\"_wpcf7_ak_\"><label>&#916;<textarea name=\"_wpcf7_ak_hp_textarea\" cols=\"45\" rows=\"8\" maxlength=\"100\"><\/textarea><\/label><input type=\"hidden\" id=\"ak_js_1\" name=\"_wpcf7_ak_js\" value=\"66\"\/><script>\ndocument.getElementById( \"ak_js_1\" ).setAttribute( \"value\", ( new Date() ).getTime() );\n<\/script>\n<\/p><div class=\"wpcf7-response-output\" aria-hidden=\"true\"><\/div>\n<\/form>\n<\/div>\n<\/div>\n\n\n\n<div class=\"wp-block-columns is-layout-flex wp-container-core-columns-is-layout-28f84493 wp-block-columns-is-layout-flex\">\n<div class=\"wp-block-column is-layout-flow wp-block-column-is-layout-flow\"><\/div>\n<\/div>\n","protected":false},"excerpt":{"rendered":"<p>Prise de RDV uniquement par t\u00e9l\u00e9phone. 06 23 51 46 62 4 Lotissementle Saint-Louis 2,84370, B\u00e9darrides Du lundi au samedi(sauf le mercredi)9h-19h<\/p>\n","protected":false},"author":1,"featured_media":0,"parent":0,"menu_order":0,"comment_status":"closed","ping_status":"closed","template":"","meta":{"footnotes":""},"class_list":["post-18","page","type-page","status-publish","hentry"],"yoast_head":"<!-- This site is optimized with the Yoast SEO plugin v27.5 - https:\/\/yoast.com\/product\/yoast-seo-wordpress\/ -->\n<title>Contact \u2013 Iris Beaut\u00e9 | Institut \u00e0 B\u00e9darrides<\/title>\n<meta name=\"description\" content=\"Envie de prendre rendez-vous ou d\u2019en savoir plus ? Contactez Iris Beaut\u00e9, votre institut \u00e0 B\u00e9darrides. Carine vous r\u00e9pond avec plaisir !\" \/>\n<meta name=\"robots\" content=\"index, follow, max-snippet:-1, max-image-preview:large, max-video-preview:-1\" \/>\n<link rel=\"canonical\" href=\"https:\/\/irisbeaute.fr\/index.php\/contact\/\" \/>\n<meta property=\"og:locale\" content=\"en_US\" \/>\n<meta property=\"og:type\" content=\"article\" \/>\n<meta property=\"og:title\" content=\"Contact \u2013 Iris Beaut\u00e9 | Institut \u00e0 B\u00e9darrides\" \/>\n<meta property=\"og:description\" content=\"Envie de prendre rendez-vous ou d\u2019en savoir plus ? Contactez Iris Beaut\u00e9, votre institut \u00e0 B\u00e9darrides. Carine vous r\u00e9pond avec plaisir !\" \/>\n<meta property=\"og:url\" content=\"https:\/\/irisbeaute.fr\/index.php\/contact\/\" \/>\n<meta property=\"og:site_name\" content=\"Institut Iris Beaut\u00e9\" \/>\n<meta property=\"article:modified_time\" content=\"2025-04-22T14:52:59+00:00\" \/>\n<meta property=\"og:image\" content=\"https:\/\/irisbeaute.fr\/wp-content\/uploads\/2025\/02\/1.png\" \/>\n\t<meta property=\"og:image:width\" content=\"500\" \/>\n\t<meta property=\"og:image:height\" content=\"500\" \/>\n\t<meta property=\"og:image:type\" content=\"image\/png\" \/>\n<meta name=\"twitter:card\" content=\"summary_large_image\" \/>\n<meta name=\"twitter:label1\" content=\"Est. reading time\" \/>\n\t<meta name=\"twitter:data1\" content=\"1 minute\" \/>\n<script type=\"application\/ld+json\" class=\"yoast-schema-graph\">{\"@context\":\"https:\\\/\\\/schema.org\",\"@graph\":[{\"@type\":\"WebPage\",\"@id\":\"https:\\\/\\\/irisbeaute.fr\\\/index.php\\\/contact\\\/\",\"url\":\"https:\\\/\\\/irisbeaute.fr\\\/index.php\\\/contact\\\/\",\"name\":\"Contact \u2013 Iris Beaut\u00e9 | Institut \u00e0 B\u00e9darrides\",\"isPartOf\":{\"@id\":\"https:\\\/\\\/irisbeaute.fr\\\/#website\"},\"primaryImageOfPage\":{\"@id\":\"https:\\\/\\\/irisbeaute.fr\\\/index.php\\\/contact\\\/#primaryimage\"},\"image\":{\"@id\":\"https:\\\/\\\/irisbeaute.fr\\\/index.php\\\/contact\\\/#primaryimage\"},\"thumbnailUrl\":\"http:\\\/\\\/irisbeaute.fr\\\/wp-content\\\/uploads\\\/2025\\\/02\\\/1.png\",\"datePublished\":\"2025-02-08T09:52:15+00:00\",\"dateModified\":\"2025-04-22T14:52:59+00:00\",\"description\":\"Envie de prendre rendez-vous ou d\u2019en savoir plus ? Contactez Iris Beaut\u00e9, votre institut \u00e0 B\u00e9darrides. Carine vous r\u00e9pond avec plaisir !\",\"breadcrumb\":{\"@id\":\"https:\\\/\\\/irisbeaute.fr\\\/index.php\\\/contact\\\/#breadcrumb\"},\"inLanguage\":\"en-US\",\"potentialAction\":[{\"@type\":\"ReadAction\",\"target\":[\"https:\\\/\\\/irisbeaute.fr\\\/index.php\\\/contact\\\/\"]}]},{\"@type\":\"ImageObject\",\"inLanguage\":\"en-US\",\"@id\":\"https:\\\/\\\/irisbeaute.fr\\\/index.php\\\/contact\\\/#primaryimage\",\"url\":\"https:\\\/\\\/irisbeaute.fr\\\/wp-content\\\/uploads\\\/2025\\\/02\\\/1.png\",\"contentUrl\":\"https:\\\/\\\/irisbeaute.fr\\\/wp-content\\\/uploads\\\/2025\\\/02\\\/1.png\",\"width\":500,\"height\":500},{\"@type\":\"BreadcrumbList\",\"@id\":\"https:\\\/\\\/irisbeaute.fr\\\/index.php\\\/contact\\\/#breadcrumb\",\"itemListElement\":[{\"@type\":\"ListItem\",\"position\":1,\"name\":\"Accueil\",\"item\":\"https:\\\/\\\/irisbeaute.fr\\\/\"},{\"@type\":\"ListItem\",\"position\":2,\"name\":\"Contact\"}]},{\"@type\":\"WebSite\",\"@id\":\"https:\\\/\\\/irisbeaute.fr\\\/#website\",\"url\":\"https:\\\/\\\/irisbeaute.fr\\\/\",\"name\":\"Institut Iris Beaut\u00e9\",\"description\":\"Institut de beaut\u00e9 \u00e0 B\u00e9darrides\",\"publisher\":{\"@id\":\"https:\\\/\\\/irisbeaute.fr\\\/#organization\"},\"potentialAction\":[{\"@type\":\"SearchAction\",\"target\":{\"@type\":\"EntryPoint\",\"urlTemplate\":\"https:\\\/\\\/irisbeaute.fr\\\/?s={search_term_string}\"},\"query-input\":{\"@type\":\"PropertyValueSpecification\",\"valueRequired\":true,\"valueName\":\"search_term_string\"}}],\"inLanguage\":\"en-US\"},{\"@type\":\"Organization\",\"@id\":\"https:\\\/\\\/irisbeaute.fr\\\/#organization\",\"name\":\"Institut Iris Beaut\u00e9\",\"url\":\"https:\\\/\\\/irisbeaute.fr\\\/\",\"logo\":{\"@type\":\"ImageObject\",\"inLanguage\":\"en-US\",\"@id\":\"https:\\\/\\\/irisbeaute.fr\\\/#\\\/schema\\\/logo\\\/image\\\/\",\"url\":\"https:\\\/\\\/irisbeaute.fr\\\/wp-content\\\/uploads\\\/2025\\\/02\\\/logo-iris-beaute.png\",\"contentUrl\":\"https:\\\/\\\/irisbeaute.fr\\\/wp-content\\\/uploads\\\/2025\\\/02\\\/logo-iris-beaute.png\",\"width\":500,\"height\":500,\"caption\":\"Institut Iris Beaut\u00e9\"},\"image\":{\"@id\":\"https:\\\/\\\/irisbeaute.fr\\\/#\\\/schema\\\/logo\\\/image\\\/\"}}]}<\/script>\n<!-- \/ Yoast SEO plugin. -->","yoast_head_json":{"title":"Contact \u2013 Iris Beaut\u00e9 | Institut \u00e0 B\u00e9darrides","description":"Envie de prendre rendez-vous ou d\u2019en savoir plus ? Contactez Iris Beaut\u00e9, votre institut \u00e0 B\u00e9darrides. Carine vous r\u00e9pond avec plaisir !","robots":{"index":"index","follow":"follow","max-snippet":"max-snippet:-1","max-image-preview":"max-image-preview:large","max-video-preview":"max-video-preview:-1"},"canonical":"https:\/\/irisbeaute.fr\/index.php\/contact\/","og_locale":"en_US","og_type":"article","og_title":"Contact \u2013 Iris Beaut\u00e9 | Institut \u00e0 B\u00e9darrides","og_description":"Envie de prendre rendez-vous ou d\u2019en savoir plus ? Contactez Iris Beaut\u00e9, votre institut \u00e0 B\u00e9darrides. Carine vous r\u00e9pond avec plaisir !","og_url":"https:\/\/irisbeaute.fr\/index.php\/contact\/","og_site_name":"Institut Iris Beaut\u00e9","article_modified_time":"2025-04-22T14:52:59+00:00","og_image":[{"width":500,"height":500,"url":"https:\/\/irisbeaute.fr\/wp-content\/uploads\/2025\/02\/1.png","type":"image\/png"}],"twitter_card":"summary_large_image","twitter_misc":{"Est. reading time":"1 minute"},"schema":{"@context":"https:\/\/schema.org","@graph":[{"@type":"WebPage","@id":"https:\/\/irisbeaute.fr\/index.php\/contact\/","url":"https:\/\/irisbeaute.fr\/index.php\/contact\/","name":"Contact \u2013 Iris Beaut\u00e9 | Institut \u00e0 B\u00e9darrides","isPartOf":{"@id":"https:\/\/irisbeaute.fr\/#website"},"primaryImageOfPage":{"@id":"https:\/\/irisbeaute.fr\/index.php\/contact\/#primaryimage"},"image":{"@id":"https:\/\/irisbeaute.fr\/index.php\/contact\/#primaryimage"},"thumbnailUrl":"http:\/\/irisbeaute.fr\/wp-content\/uploads\/2025\/02\/1.png","datePublished":"2025-02-08T09:52:15+00:00","dateModified":"2025-04-22T14:52:59+00:00","description":"Envie de prendre rendez-vous ou d\u2019en savoir plus ? Contactez Iris Beaut\u00e9, votre institut \u00e0 B\u00e9darrides. Carine vous r\u00e9pond avec plaisir !","breadcrumb":{"@id":"https:\/\/irisbeaute.fr\/index.php\/contact\/#breadcrumb"},"inLanguage":"en-US","potentialAction":[{"@type":"ReadAction","target":["https:\/\/irisbeaute.fr\/index.php\/contact\/"]}]},{"@type":"ImageObject","inLanguage":"en-US","@id":"https:\/\/irisbeaute.fr\/index.php\/contact\/#primaryimage","url":"https:\/\/irisbeaute.fr\/wp-content\/uploads\/2025\/02\/1.png","contentUrl":"https:\/\/irisbeaute.fr\/wp-content\/uploads\/2025\/02\/1.png","width":500,"height":500},{"@type":"BreadcrumbList","@id":"https:\/\/irisbeaute.fr\/index.php\/contact\/#breadcrumb","itemListElement":[{"@type":"ListItem","position":1,"name":"Accueil","item":"https:\/\/irisbeaute.fr\/"},{"@type":"ListItem","position":2,"name":"Contact"}]},{"@type":"WebSite","@id":"https:\/\/irisbeaute.fr\/#website","url":"https:\/\/irisbeaute.fr\/","name":"Institut Iris Beaut\u00e9","description":"Institut de beaut\u00e9 \u00e0 B\u00e9darrides","publisher":{"@id":"https:\/\/irisbeaute.fr\/#organization"},"potentialAction":[{"@type":"SearchAction","target":{"@type":"EntryPoint","urlTemplate":"https:\/\/irisbeaute.fr\/?s={search_term_string}"},"query-input":{"@type":"PropertyValueSpecification","valueRequired":true,"valueName":"search_term_string"}}],"inLanguage":"en-US"},{"@type":"Organization","@id":"https:\/\/irisbeaute.fr\/#organization","name":"Institut Iris Beaut\u00e9","url":"https:\/\/irisbeaute.fr\/","logo":{"@type":"ImageObject","inLanguage":"en-US","@id":"https:\/\/irisbeaute.fr\/#\/schema\/logo\/image\/","url":"https:\/\/irisbeaute.fr\/wp-content\/uploads\/2025\/02\/logo-iris-beaute.png","contentUrl":"https:\/\/irisbeaute.fr\/wp-content\/uploads\/2025\/02\/logo-iris-beaute.png","width":500,"height":500,"caption":"Institut Iris Beaut\u00e9"},"image":{"@id":"https:\/\/irisbeaute.fr\/#\/schema\/logo\/image\/"}}]}},"_links":{"self":[{"href":"https:\/\/irisbeaute.fr\/index.php\/wp-json\/wp\/v2\/pages\/18","targetHints":{"allow":["GET"]}}],"collection":[{"href":"https:\/\/irisbeaute.fr\/index.php\/wp-json\/wp\/v2\/pages"}],"about":[{"href":"https:\/\/irisbeaute.fr\/index.php\/wp-json\/wp\/v2\/types\/page"}],"author":[{"embeddable":true,"href":"https:\/\/irisbeaute.fr\/index.php\/wp-json\/wp\/v2\/users\/1"}],"replies":[{"embeddable":true,"href":"https:\/\/irisbeaute.fr\/index.php\/wp-json\/wp\/v2\/comments?post=18"}],"version-history":[{"count":8,"href":"https:\/\/irisbeaute.fr\/index.php\/wp-json\/wp\/v2\/pages\/18\/revisions"}],"predecessor-version":[{"id":271,"href":"https:\/\/irisbeaute.fr\/index.php\/wp-json\/wp\/v2\/pages\/18\/revisions\/271"}],"wp:attachment":[{"href":"https:\/\/irisbeaute.fr\/index.php\/wp-json\/wp\/v2\/media?parent=18"}],"curies":[{"name":"wp","href":"https:\/\/api.w.org\/{rel}","templated":true}]}}