{"id":15,"date":"2025-02-08T10:51:58","date_gmt":"2025-02-08T09:51:58","guid":{"rendered":"https:\/\/irisbeaute.fr\/?page_id=15"},"modified":"2025-05-20T15:59:44","modified_gmt":"2025-05-20T13:59:44","slug":"les-soins-corps-visage","status":"publish","type":"page","link":"https:\/\/irisbeaute.fr\/index.php\/les-soins-corps-visage\/","title":{"rendered":"Les Soins"},"content":{"rendered":"\n<p class=\"has-text-align-center\">D\u00e9couvrez une gamme de soins con\u00e7us pour vous offrir une exp\u00e9rience de d\u00e9tente<br>et de beaut\u00e9 unique.<\/p>\n\n\n\n<div class=\"wp-block-columns is-layout-flex wp-container-core-columns-is-layout-28f84493 wp-block-columns-is-layout-flex\">\n<div class=\"wp-block-column is-layout-flow wp-block-column-is-layout-flow\">\n<figure class=\"wp-block-image aligncenter size-full is-resized image-zoom cache-sur-mobile\"><img loading=\"lazy\" decoding=\"async\" width=\"500\" height=\"500\" src=\"http:\/\/irisbeaute.fr\/wp-content\/uploads\/2025\/02\/soins-visage.png\" alt=\"\" class=\"wp-image-103\" style=\"width:168px;height:auto\" srcset=\"https:\/\/irisbeaute.fr\/wp-content\/uploads\/2025\/02\/soins-visage.png 500w, https:\/\/irisbeaute.fr\/wp-content\/uploads\/2025\/02\/soins-visage-300x300.png 300w, https:\/\/irisbeaute.fr\/wp-content\/uploads\/2025\/02\/soins-visage-150x150.png 150w\" sizes=\"auto, (max-width: 500px) 100vw, 500px\" \/><\/figure>\n<\/div>\n\n\n\n<div class=\"wp-block-column is-layout-flow wp-block-column-is-layout-flow\">\n<figure class=\"wp-block-image aligncenter size-full is-resized image-zoom cache-sur-mobile\"><img loading=\"lazy\" decoding=\"async\" width=\"500\" height=\"500\" src=\"http:\/\/irisbeaute.fr\/wp-content\/uploads\/2025\/02\/massages.png\" alt=\"\" class=\"wp-image-102\" style=\"width:177px;height:auto\" srcset=\"https:\/\/irisbeaute.fr\/wp-content\/uploads\/2025\/02\/massages.png 500w, https:\/\/irisbeaute.fr\/wp-content\/uploads\/2025\/02\/massages-300x300.png 300w, https:\/\/irisbeaute.fr\/wp-content\/uploads\/2025\/02\/massages-150x150.png 150w\" sizes=\"auto, (max-width: 500px) 100vw, 500px\" \/><\/figure>\n<\/div>\n\n\n\n<div class=\"wp-block-column is-layout-flow wp-block-column-is-layout-flow\">\n<figure class=\"wp-block-image aligncenter size-full is-resized image-zoom cache-sur-mobile\"><img loading=\"lazy\" decoding=\"async\" width=\"500\" height=\"500\" src=\"http:\/\/irisbeaute.fr\/wp-content\/uploads\/2025\/02\/epilations.png\" alt=\"\" class=\"wp-image-101\" style=\"width:152px;height:auto\" srcset=\"https:\/\/irisbeaute.fr\/wp-content\/uploads\/2025\/02\/epilations.png 500w, https:\/\/irisbeaute.fr\/wp-content\/uploads\/2025\/02\/epilations-300x300.png 300w, https:\/\/irisbeaute.fr\/wp-content\/uploads\/2025\/02\/epilations-150x150.png 150w\" sizes=\"auto, (max-width: 500px) 100vw, 500px\" \/><\/figure>\n<\/div>\n<\/div>\n\n\n\n<div style=\"height:56px\" aria-hidden=\"true\" class=\"wp-block-spacer cache-sur-mobile\"><\/div>\n\n\n\n<div class=\"wp-block-columns is-layout-flex wp-container-core-columns-is-layout-28f84493 wp-block-columns-is-layout-flex\">\n<div class=\"wp-block-column is-layout-flow wp-block-column-is-layout-flow\">\n<figure class=\"wp-block-image alignleft size-large fade-in image-zoom cache-sur-mobile\"><img loading=\"lazy\" decoding=\"async\" width=\"1024\" height=\"1024\" src=\"https:\/\/irisbeaute.fr\/wp-content\/uploads\/2025\/05\/soins-visage-2-2-1024x1024.png\" alt=\"\" class=\"wp-image-323\" srcset=\"https:\/\/irisbeaute.fr\/wp-content\/uploads\/2025\/05\/soins-visage-2-2-1024x1024.png 1024w, https:\/\/irisbeaute.fr\/wp-content\/uploads\/2025\/05\/soins-visage-2-2-300x300.png 300w, https:\/\/irisbeaute.fr\/wp-content\/uploads\/2025\/05\/soins-visage-2-2-150x150.png 150w, https:\/\/irisbeaute.fr\/wp-content\/uploads\/2025\/05\/soins-visage-2-2-768x768.png 768w, https:\/\/irisbeaute.fr\/wp-content\/uploads\/2025\/05\/soins-visage-2-2.png 1080w\" sizes=\"auto, (max-width: 1024px) 100vw, 1024px\" \/><\/figure>\n\n\n\n<figure class=\"wp-block-image alignleft size-large fade-in image-zoom\"><img loading=\"lazy\" decoding=\"async\" width=\"1024\" height=\"1024\" src=\"https:\/\/irisbeaute.fr\/wp-content\/uploads\/2025\/05\/soins-visage2-2-1024x1024.png\" alt=\"\" class=\"wp-image-324\" srcset=\"https:\/\/irisbeaute.fr\/wp-content\/uploads\/2025\/05\/soins-visage2-2-1024x1024.png 1024w, https:\/\/irisbeaute.fr\/wp-content\/uploads\/2025\/05\/soins-visage2-2-300x300.png 300w, https:\/\/irisbeaute.fr\/wp-content\/uploads\/2025\/05\/soins-visage2-2-150x150.png 150w, https:\/\/irisbeaute.fr\/wp-content\/uploads\/2025\/05\/soins-visage2-2-768x768.png 768w, https:\/\/irisbeaute.fr\/wp-content\/uploads\/2025\/05\/soins-visage2-2.png 1080w\" sizes=\"auto, (max-width: 1024px) 100vw, 1024px\" \/><\/figure>\n<\/div>\n\n\n\n<div class=\"wp-block-column is-layout-flow wp-block-column-is-layout-flow\">\n<h2 class=\"wp-block-heading\">Soins du visage<\/h2>\n\n\n\n<p class=\"has-text-align-left\"><strong>Soin d\u00e9couverte<br><\/strong><em>Intermezzo | Escale Beaut\u00e9<\/em><\/p>\n\n\n\n<p><strong>Fondamentaux<br><\/strong><em>Nettoyant profond<\/em><br><em>Hydratant<\/em><br><em>D\u00e9tox, anti-pollution<\/em><\/p>\n\n\n\n<p><strong>Anti-\u00e2ge<br><\/strong><em>Anti-ride, lissant<\/em><br><em>Combleur de rides, anti-fatigue<\/em><br><em>Tenseur et raffermissant<\/em><br><em>Anti-\u00e2ge global<\/em><\/p>\n\n\n\n<p><strong>Bien-\u00eatre<br><\/strong><em>Evasion aromatique<\/em><br><em>Aux pierres chaudes<\/em><br><em>Cr\u00e2ne, mains et pieds<\/em><\/p>\n\n\n\n<p><strong>Sp\u00e9cifiques<br><\/strong><em>Purifiant | Calmant | Effet peau neuve<\/em><\/p>\n<\/div>\n<\/div>\n\n\n\n<div class=\"wp-block-buttons is-content-justification-center is-layout-flex wp-container-core-buttons-is-layout-a89b3969 wp-block-buttons-is-layout-flex\">\n<div class=\"wp-block-button bouton-zoom\"><a class=\"wp-block-button__link has-ti-fg-color has-text-color has-link-color has-text-align-center wp-element-button\" href=\"https:\/\/irisbeaute.fr\/index.php\/contact\/\" style=\"border-radius:20px\">Prendre rendez-vous<\/a><\/div>\n<\/div>\n\n\n\n<div style=\"height:60px\" aria-hidden=\"true\" class=\"wp-block-spacer\"><\/div>\n\n\n\n<div class=\"wp-block-columns is-layout-flex wp-container-core-columns-is-layout-28f84493 wp-block-columns-is-layout-flex\">\n<div class=\"wp-block-column is-layout-flow wp-block-column-is-layout-flow\">\n<figure class=\"wp-block-image alignleft size-large fade-in image-zoom cache-sur-mobile\"><img loading=\"lazy\" decoding=\"async\" width=\"1024\" height=\"1024\" src=\"https:\/\/irisbeaute.fr\/wp-content\/uploads\/2025\/05\/massages2-1024x1024.png\" alt=\"\" class=\"wp-image-321\" srcset=\"https:\/\/irisbeaute.fr\/wp-content\/uploads\/2025\/05\/massages2-1024x1024.png 1024w, https:\/\/irisbeaute.fr\/wp-content\/uploads\/2025\/05\/massages2-300x300.png 300w, https:\/\/irisbeaute.fr\/wp-content\/uploads\/2025\/05\/massages2-150x150.png 150w, https:\/\/irisbeaute.fr\/wp-content\/uploads\/2025\/05\/massages2-768x768.png 768w, https:\/\/irisbeaute.fr\/wp-content\/uploads\/2025\/05\/massages2.png 1080w\" sizes=\"auto, (max-width: 1024px) 100vw, 1024px\" \/><\/figure>\n\n\n\n<figure class=\"wp-block-image alignleft size-large fade-in image-zoom\"><img loading=\"lazy\" decoding=\"async\" width=\"1024\" height=\"1024\" src=\"https:\/\/irisbeaute.fr\/wp-content\/uploads\/2025\/05\/massages-2-1024x1024.png\" alt=\"\" class=\"wp-image-322\" srcset=\"https:\/\/irisbeaute.fr\/wp-content\/uploads\/2025\/05\/massages-2-1024x1024.png 1024w, https:\/\/irisbeaute.fr\/wp-content\/uploads\/2025\/05\/massages-2-300x300.png 300w, https:\/\/irisbeaute.fr\/wp-content\/uploads\/2025\/05\/massages-2-150x150.png 150w, https:\/\/irisbeaute.fr\/wp-content\/uploads\/2025\/05\/massages-2-768x768.png 768w, https:\/\/irisbeaute.fr\/wp-content\/uploads\/2025\/05\/massages-2.png 1080w\" sizes=\"auto, (max-width: 1024px) 100vw, 1024px\" \/><\/figure>\n<\/div>\n\n\n\n<div class=\"wp-block-column is-layout-flow wp-block-column-is-layout-flow\">\n<h2 class=\"wp-block-heading\">Soins du corps<\/h2>\n\n\n\n<p><strong>Gommages<br><\/strong><em>Douceur | Gourmand | Marin<\/em><\/p>\n\n\n\n<p><strong>Modelages relaxants<\/strong><br><em>Aroma luxe (bougie ti\u00e8de)<\/em><br><em>Aroma d\u00e9tox<\/em><br><em>Aroma relax (pierres chaudes)<\/em><br><em>Aroma energy &#8211; degitopression<\/em><br><em>Aroma silhouette (bambou)<\/em><\/p>\n\n\n\n<p><strong>Gommage + Modelage<br><\/strong><em>Proven\u00e7ale (d\u00e9tox)<\/em><br><em>Delice de Corse (vitalit\u00e9)<\/em><br><em>Balade en for\u00eat (silhouette)<\/em><br><em>Voyage Polyn\u00e9sie (relax)<\/em><\/p>\n\n\n\n<p><strong>Traitements cibl\u00e9s<br><\/strong><em>Phyto l\u00e9g\u00e8re (jambes l\u00e9g\u00e8res)<\/em><br><em>Phyto minceur &#8211; drainant &#8211; fermet\u00e9<\/em><\/p>\n<\/div>\n<\/div>\n\n\n\n<div class=\"wp-block-buttons is-content-justification-center is-layout-flex wp-container-core-buttons-is-layout-a89b3969 wp-block-buttons-is-layout-flex\">\n<div class=\"wp-block-button bouton-zoom\"><a class=\"wp-block-button__link has-ti-fg-color has-text-color has-link-color has-text-align-center wp-element-button\" href=\"https:\/\/irisbeaute.fr\/index.php\/contact\/\" style=\"border-radius:20px\">Prendre rendez-vous<\/a><\/div>\n<\/div>\n\n\n\n<div style=\"height:60px\" aria-hidden=\"true\" class=\"wp-block-spacer\"><\/div>\n\n\n\n<div class=\"wp-block-columns is-layout-flex wp-container-core-columns-is-layout-28f84493 wp-block-columns-is-layout-flex\">\n<div class=\"wp-block-column is-layout-flow wp-block-column-is-layout-flow\">\n<figure class=\"wp-block-image alignleft size-large fade-in image-zoom\"><img loading=\"lazy\" decoding=\"async\" width=\"819\" height=\"1024\" src=\"https:\/\/irisbeaute.fr\/wp-content\/uploads\/2025\/02\/epilation-819x1024.png\" alt=\"\" class=\"wp-image-162\" srcset=\"https:\/\/irisbeaute.fr\/wp-content\/uploads\/2025\/02\/epilation-819x1024.png 819w, https:\/\/irisbeaute.fr\/wp-content\/uploads\/2025\/02\/epilation-240x300.png 240w, https:\/\/irisbeaute.fr\/wp-content\/uploads\/2025\/02\/epilation-768x960.png 768w, https:\/\/irisbeaute.fr\/wp-content\/uploads\/2025\/02\/epilation.png 1080w\" sizes=\"auto, (max-width: 819px) 100vw, 819px\" \/><\/figure>\n<\/div>\n\n\n\n<div class=\"wp-block-column is-layout-flow wp-block-column-is-layout-flow\">\n<h2 class=\"wp-block-heading\">Epilations<\/h2>\n\n\n\n<p class=\"has-small-font-size\"><em>Forfaits ou \u00e0 l&#8217;unit\u00e9<\/em> :<br><em>jambes, maillot, aisselles, visage, l\u00e8vres, sourcils, bras et dos<\/em><\/p>\n\n\n\n<p><strong>L\u00e8vres + sourcils<\/strong><\/p>\n\n\n\n<p><strong>1\/2 jambes<br><\/strong>+ maillot (simple, \u00e9chancr\u00e9 ou int\u00e9gral) + aisselles<\/p>\n\n\n\n<p><strong>Jambes compl\u00e8tes<br><\/strong>+ maillot (simple, \u00e9chancr\u00e9 ou int\u00e9gral)<\/p>\n<\/div>\n<\/div>\n\n\n\n<div class=\"wp-block-buttons is-content-justification-center is-layout-flex wp-container-core-buttons-is-layout-a89b3969 wp-block-buttons-is-layout-flex\">\n<div class=\"wp-block-button bouton-zoom\"><a class=\"wp-block-button__link has-ti-fg-color has-text-color has-link-color has-text-align-center wp-element-button\" href=\"https:\/\/irisbeaute.fr\/index.php\/contact\/\" style=\"border-radius:20px\">Prendre rendez-vous<\/a><\/div>\n<\/div>\n\n\n\n<div style=\"height:60px\" aria-hidden=\"true\" class=\"wp-block-spacer\"><\/div>\n\n\n\n<div class=\"wp-block-columns is-layout-flex wp-container-core-columns-is-layout-28f84493 wp-block-columns-is-layout-flex\">\n<div class=\"wp-block-column is-layout-flow wp-block-column-is-layout-flow\">\n<figure class=\"wp-block-image alignleft size-large fade-in image-zoom\"><img loading=\"lazy\" decoding=\"async\" width=\"1024\" height=\"1024\" src=\"https:\/\/irisbeaute.fr\/wp-content\/uploads\/2025\/05\/forfaits-institut-2-1024x1024.png\" alt=\"\" class=\"wp-image-320\" srcset=\"https:\/\/irisbeaute.fr\/wp-content\/uploads\/2025\/05\/forfaits-institut-2-1024x1024.png 1024w, https:\/\/irisbeaute.fr\/wp-content\/uploads\/2025\/05\/forfaits-institut-2-300x300.png 300w, https:\/\/irisbeaute.fr\/wp-content\/uploads\/2025\/05\/forfaits-institut-2-150x150.png 150w, https:\/\/irisbeaute.fr\/wp-content\/uploads\/2025\/05\/forfaits-institut-2-768x768.png 768w, https:\/\/irisbeaute.fr\/wp-content\/uploads\/2025\/05\/forfaits-institut-2.png 1080w\" sizes=\"auto, (max-width: 1024px) 100vw, 1024px\" \/><\/figure>\n\n\n\n<figure class=\"wp-block-image alignleft size-large fade-in image-zoom cache-sur-mobile\"><img loading=\"lazy\" decoding=\"async\" width=\"1024\" height=\"1024\" src=\"https:\/\/irisbeaute.fr\/wp-content\/uploads\/2025\/05\/forfaits-institut2-1024x1024.png\" alt=\"\" class=\"wp-image-319\" srcset=\"https:\/\/irisbeaute.fr\/wp-content\/uploads\/2025\/05\/forfaits-institut2-1024x1024.png 1024w, https:\/\/irisbeaute.fr\/wp-content\/uploads\/2025\/05\/forfaits-institut2-300x300.png 300w, https:\/\/irisbeaute.fr\/wp-content\/uploads\/2025\/05\/forfaits-institut2-150x150.png 150w, https:\/\/irisbeaute.fr\/wp-content\/uploads\/2025\/05\/forfaits-institut2-768x768.png 768w, https:\/\/irisbeaute.fr\/wp-content\/uploads\/2025\/05\/forfaits-institut2.png 1080w\" sizes=\"auto, (max-width: 1024px) 100vw, 1024px\" \/><\/figure>\n<\/div>\n\n\n\n<div class=\"wp-block-column is-layout-flow wp-block-column-is-layout-flow\">\n<h2 class=\"wp-block-heading\">Autres<\/h2>\n\n\n\n<p><strong>Soins des mains<br><\/strong><em>Manucure<\/em><br><em>Pose vernis<\/em><\/p>\n\n\n\n<p><strong>Soins des pieds<br><\/strong><em>Beaut\u00e9 des pieds<\/em><\/p>\n\n\n\n<p><strong>Teintures<br><\/strong><em>Cils ou sourcils | Permanente cils<\/em><\/p>\n\n\n\n<p><strong>D\u00e9colorations<br><\/strong><em>L\u00e8vres | Bras<\/em><\/p>\n\n\n\n<p><strong>Maquillage<\/strong><br><em>Jour | Soir\u00e9e | Mari\u00e9e + essai<\/em><\/p>\n\n\n\n<p><strong>Forfait mari\u00e9e<\/strong><br><em>Soin Escale Beaut\u00e9, Maquillage + essai<\/em><\/p>\n<\/div>\n<\/div>\n\n\n\n<div class=\"wp-block-buttons is-content-justification-center is-layout-flex wp-container-core-buttons-is-layout-a89b3969 wp-block-buttons-is-layout-flex\">\n<div class=\"wp-block-button bouton-zoom\"><a class=\"wp-block-button__link has-ti-fg-color has-text-color has-link-color has-text-align-center wp-element-button\" style=\"border-radius:20px\">Prendre rendez-vous<\/a><\/div>\n<\/div>\n\n\n\n<div style=\"height:54px\" aria-hidden=\"true\" class=\"wp-block-spacer\"><\/div>\n\n\n\n<h2 class=\"wp-block-heading has-text-align-center\">La carte cadeau<\/h2>\n\n\n\n<p class=\"has-text-align-center\">Montant libre<\/p>\n\n\n\n<figure class=\"wp-block-image aligncenter size-full fade-in image-zoom\"><img loading=\"lazy\" decoding=\"async\" width=\"500\" height=\"400\" src=\"https:\/\/irisbeaute.fr\/wp-content\/uploads\/2025\/04\/produits-yonka.png\" alt=\"\" class=\"wp-image-275\" srcset=\"https:\/\/irisbeaute.fr\/wp-content\/uploads\/2025\/04\/produits-yonka.png 500w, https:\/\/irisbeaute.fr\/wp-content\/uploads\/2025\/04\/produits-yonka-300x240.png 300w\" sizes=\"auto, (max-width: 500px) 100vw, 500px\" \/><\/figure>\n","protected":false},"excerpt":{"rendered":"<p>D\u00e9couvrez une gamme de soins con\u00e7us pour vous offrir une exp\u00e9rience de d\u00e9tenteet de beaut\u00e9 unique. Soins du visage Soin d\u00e9couverteIntermezzo | Escale Beaut\u00e9 FondamentauxNettoyant profondHydratantD\u00e9tox, anti-pollution Anti-\u00e2geAnti-ride, lissantCombleur de rides, anti-fatigueTenseur et raffermissantAnti-\u00e2ge global Bien-\u00eatreEvasion aromatiqueAux pierres chaudesCr\u00e2ne, mains et pieds Sp\u00e9cifiquesPurifiant | Calmant | Effet peau neuve Soins du corps GommagesDouceur | Gourmand [&hellip;]<\/p>\n","protected":false},"author":1,"featured_media":0,"parent":0,"menu_order":0,"comment_status":"closed","ping_status":"closed","template":"","meta":{"footnotes":""},"class_list":["post-15","page","type-page","status-publish","hentry"],"yoast_head":"<!-- This site is optimized with the Yoast SEO plugin v27.5 - https:\/\/yoast.com\/product\/yoast-seo-wordpress\/ -->\n<title>Soins visage et corps B\u00e9darrides \u2013 Institut Iris Beaut\u00e9\u200b<\/title>\n<meta name=\"description\" content=\"Soins visage et corps \u00e0 B\u00e9darrides avec les produits Yon-Ka. Offrez-vous un moment de d\u00e9tente et de bien-\u00eatre \u00e0 l&#039;Institut Iris Beaut\u00e9.\" \/>\n<meta name=\"robots\" content=\"index, follow, max-snippet:-1, max-image-preview:large, max-video-preview:-1\" \/>\n<link rel=\"canonical\" href=\"https:\/\/irisbeaute.fr\/index.php\/les-soins-corps-visage\/\" \/>\n<meta property=\"og:locale\" content=\"en_US\" \/>\n<meta property=\"og:type\" content=\"article\" \/>\n<meta property=\"og:title\" content=\"Soins visage et corps B\u00e9darrides \u2013 Institut Iris Beaut\u00e9\u200b\" \/>\n<meta property=\"og:description\" content=\"Soins visage et corps \u00e0 B\u00e9darrides avec les produits Yon-Ka. Offrez-vous un moment de d\u00e9tente et de bien-\u00eatre \u00e0 l&#039;Institut Iris Beaut\u00e9.\" \/>\n<meta property=\"og:url\" content=\"https:\/\/irisbeaute.fr\/index.php\/les-soins-corps-visage\/\" \/>\n<meta property=\"og:site_name\" content=\"Institut Iris Beaut\u00e9\" \/>\n<meta property=\"article:modified_time\" content=\"2025-05-20T13:59:44+00:00\" \/>\n<meta property=\"og:image\" content=\"https:\/\/irisbeaute.fr\/wp-content\/uploads\/2025\/02\/soins-visage.png\" \/>\n\t<meta property=\"og:image:width\" content=\"500\" \/>\n\t<meta property=\"og:image:height\" content=\"500\" \/>\n\t<meta property=\"og:image:type\" content=\"image\/png\" \/>\n<meta name=\"twitter:card\" content=\"summary_large_image\" \/>\n<meta name=\"twitter:label1\" content=\"Est. reading time\" \/>\n\t<meta name=\"twitter:data1\" content=\"3 minutes\" \/>\n<script type=\"application\/ld+json\" class=\"yoast-schema-graph\">{\"@context\":\"https:\\\/\\\/schema.org\",\"@graph\":[{\"@type\":\"WebPage\",\"@id\":\"https:\\\/\\\/irisbeaute.fr\\\/index.php\\\/les-soins-corps-visage\\\/\",\"url\":\"https:\\\/\\\/irisbeaute.fr\\\/index.php\\\/les-soins-corps-visage\\\/\",\"name\":\"Soins visage et corps B\u00e9darrides \u2013 Institut Iris Beaut\u00e9\u200b\",\"isPartOf\":{\"@id\":\"https:\\\/\\\/irisbeaute.fr\\\/#website\"},\"primaryImageOfPage\":{\"@id\":\"https:\\\/\\\/irisbeaute.fr\\\/index.php\\\/les-soins-corps-visage\\\/#primaryimage\"},\"image\":{\"@id\":\"https:\\\/\\\/irisbeaute.fr\\\/index.php\\\/les-soins-corps-visage\\\/#primaryimage\"},\"thumbnailUrl\":\"http:\\\/\\\/irisbeaute.fr\\\/wp-content\\\/uploads\\\/2025\\\/02\\\/soins-visage.png\",\"datePublished\":\"2025-02-08T09:51:58+00:00\",\"dateModified\":\"2025-05-20T13:59:44+00:00\",\"description\":\"Soins visage et corps \u00e0 B\u00e9darrides avec les produits Yon-Ka. Offrez-vous un moment de d\u00e9tente et de bien-\u00eatre \u00e0 l'Institut Iris Beaut\u00e9.\",\"breadcrumb\":{\"@id\":\"https:\\\/\\\/irisbeaute.fr\\\/index.php\\\/les-soins-corps-visage\\\/#breadcrumb\"},\"inLanguage\":\"en-US\",\"potentialAction\":[{\"@type\":\"ReadAction\",\"target\":[\"https:\\\/\\\/irisbeaute.fr\\\/index.php\\\/les-soins-corps-visage\\\/\"]}]},{\"@type\":\"ImageObject\",\"inLanguage\":\"en-US\",\"@id\":\"https:\\\/\\\/irisbeaute.fr\\\/index.php\\\/les-soins-corps-visage\\\/#primaryimage\",\"url\":\"https:\\\/\\\/irisbeaute.fr\\\/wp-content\\\/uploads\\\/2025\\\/02\\\/soins-visage.png\",\"contentUrl\":\"https:\\\/\\\/irisbeaute.fr\\\/wp-content\\\/uploads\\\/2025\\\/02\\\/soins-visage.png\",\"width\":500,\"height\":500},{\"@type\":\"BreadcrumbList\",\"@id\":\"https:\\\/\\\/irisbeaute.fr\\\/index.php\\\/les-soins-corps-visage\\\/#breadcrumb\",\"itemListElement\":[{\"@type\":\"ListItem\",\"position\":1,\"name\":\"Accueil\",\"item\":\"https:\\\/\\\/irisbeaute.fr\\\/\"},{\"@type\":\"ListItem\",\"position\":2,\"name\":\"Les Soins\"}]},{\"@type\":\"WebSite\",\"@id\":\"https:\\\/\\\/irisbeaute.fr\\\/#website\",\"url\":\"https:\\\/\\\/irisbeaute.fr\\\/\",\"name\":\"Institut Iris Beaut\u00e9\",\"description\":\"Institut de beaut\u00e9 \u00e0 B\u00e9darrides\",\"publisher\":{\"@id\":\"https:\\\/\\\/irisbeaute.fr\\\/#organization\"},\"potentialAction\":[{\"@type\":\"SearchAction\",\"target\":{\"@type\":\"EntryPoint\",\"urlTemplate\":\"https:\\\/\\\/irisbeaute.fr\\\/?s={search_term_string}\"},\"query-input\":{\"@type\":\"PropertyValueSpecification\",\"valueRequired\":true,\"valueName\":\"search_term_string\"}}],\"inLanguage\":\"en-US\"},{\"@type\":\"Organization\",\"@id\":\"https:\\\/\\\/irisbeaute.fr\\\/#organization\",\"name\":\"Institut Iris Beaut\u00e9\",\"url\":\"https:\\\/\\\/irisbeaute.fr\\\/\",\"logo\":{\"@type\":\"ImageObject\",\"inLanguage\":\"en-US\",\"@id\":\"https:\\\/\\\/irisbeaute.fr\\\/#\\\/schema\\\/logo\\\/image\\\/\",\"url\":\"https:\\\/\\\/irisbeaute.fr\\\/wp-content\\\/uploads\\\/2025\\\/02\\\/logo-iris-beaute.png\",\"contentUrl\":\"https:\\\/\\\/irisbeaute.fr\\\/wp-content\\\/uploads\\\/2025\\\/02\\\/logo-iris-beaute.png\",\"width\":500,\"height\":500,\"caption\":\"Institut Iris Beaut\u00e9\"},\"image\":{\"@id\":\"https:\\\/\\\/irisbeaute.fr\\\/#\\\/schema\\\/logo\\\/image\\\/\"}}]}<\/script>\n<!-- \/ Yoast SEO plugin. -->","yoast_head_json":{"title":"Soins visage et corps B\u00e9darrides \u2013 Institut Iris Beaut\u00e9\u200b","description":"Soins visage et corps \u00e0 B\u00e9darrides avec les produits Yon-Ka. Offrez-vous un moment de d\u00e9tente et de bien-\u00eatre \u00e0 l'Institut Iris Beaut\u00e9.","robots":{"index":"index","follow":"follow","max-snippet":"max-snippet:-1","max-image-preview":"max-image-preview:large","max-video-preview":"max-video-preview:-1"},"canonical":"https:\/\/irisbeaute.fr\/index.php\/les-soins-corps-visage\/","og_locale":"en_US","og_type":"article","og_title":"Soins visage et corps B\u00e9darrides \u2013 Institut Iris Beaut\u00e9\u200b","og_description":"Soins visage et corps \u00e0 B\u00e9darrides avec les produits Yon-Ka. Offrez-vous un moment de d\u00e9tente et de bien-\u00eatre \u00e0 l'Institut Iris Beaut\u00e9.","og_url":"https:\/\/irisbeaute.fr\/index.php\/les-soins-corps-visage\/","og_site_name":"Institut Iris Beaut\u00e9","article_modified_time":"2025-05-20T13:59:44+00:00","og_image":[{"width":500,"height":500,"url":"https:\/\/irisbeaute.fr\/wp-content\/uploads\/2025\/02\/soins-visage.png","type":"image\/png"}],"twitter_card":"summary_large_image","twitter_misc":{"Est. reading time":"3 minutes"},"schema":{"@context":"https:\/\/schema.org","@graph":[{"@type":"WebPage","@id":"https:\/\/irisbeaute.fr\/index.php\/les-soins-corps-visage\/","url":"https:\/\/irisbeaute.fr\/index.php\/les-soins-corps-visage\/","name":"Soins visage et corps B\u00e9darrides \u2013 Institut Iris Beaut\u00e9\u200b","isPartOf":{"@id":"https:\/\/irisbeaute.fr\/#website"},"primaryImageOfPage":{"@id":"https:\/\/irisbeaute.fr\/index.php\/les-soins-corps-visage\/#primaryimage"},"image":{"@id":"https:\/\/irisbeaute.fr\/index.php\/les-soins-corps-visage\/#primaryimage"},"thumbnailUrl":"http:\/\/irisbeaute.fr\/wp-content\/uploads\/2025\/02\/soins-visage.png","datePublished":"2025-02-08T09:51:58+00:00","dateModified":"2025-05-20T13:59:44+00:00","description":"Soins visage et corps \u00e0 B\u00e9darrides avec les produits Yon-Ka. Offrez-vous un moment de d\u00e9tente et de bien-\u00eatre \u00e0 l'Institut Iris Beaut\u00e9.","breadcrumb":{"@id":"https:\/\/irisbeaute.fr\/index.php\/les-soins-corps-visage\/#breadcrumb"},"inLanguage":"en-US","potentialAction":[{"@type":"ReadAction","target":["https:\/\/irisbeaute.fr\/index.php\/les-soins-corps-visage\/"]}]},{"@type":"ImageObject","inLanguage":"en-US","@id":"https:\/\/irisbeaute.fr\/index.php\/les-soins-corps-visage\/#primaryimage","url":"https:\/\/irisbeaute.fr\/wp-content\/uploads\/2025\/02\/soins-visage.png","contentUrl":"https:\/\/irisbeaute.fr\/wp-content\/uploads\/2025\/02\/soins-visage.png","width":500,"height":500},{"@type":"BreadcrumbList","@id":"https:\/\/irisbeaute.fr\/index.php\/les-soins-corps-visage\/#breadcrumb","itemListElement":[{"@type":"ListItem","position":1,"name":"Accueil","item":"https:\/\/irisbeaute.fr\/"},{"@type":"ListItem","position":2,"name":"Les Soins"}]},{"@type":"WebSite","@id":"https:\/\/irisbeaute.fr\/#website","url":"https:\/\/irisbeaute.fr\/","name":"Institut Iris Beaut\u00e9","description":"Institut de beaut\u00e9 \u00e0 B\u00e9darrides","publisher":{"@id":"https:\/\/irisbeaute.fr\/#organization"},"potentialAction":[{"@type":"SearchAction","target":{"@type":"EntryPoint","urlTemplate":"https:\/\/irisbeaute.fr\/?s={search_term_string}"},"query-input":{"@type":"PropertyValueSpecification","valueRequired":true,"valueName":"search_term_string"}}],"inLanguage":"en-US"},{"@type":"Organization","@id":"https:\/\/irisbeaute.fr\/#organization","name":"Institut Iris Beaut\u00e9","url":"https:\/\/irisbeaute.fr\/","logo":{"@type":"ImageObject","inLanguage":"en-US","@id":"https:\/\/irisbeaute.fr\/#\/schema\/logo\/image\/","url":"https:\/\/irisbeaute.fr\/wp-content\/uploads\/2025\/02\/logo-iris-beaute.png","contentUrl":"https:\/\/irisbeaute.fr\/wp-content\/uploads\/2025\/02\/logo-iris-beaute.png","width":500,"height":500,"caption":"Institut Iris Beaut\u00e9"},"image":{"@id":"https:\/\/irisbeaute.fr\/#\/schema\/logo\/image\/"}}]}},"_links":{"self":[{"href":"https:\/\/irisbeaute.fr\/index.php\/wp-json\/wp\/v2\/pages\/15","targetHints":{"allow":["GET"]}}],"collection":[{"href":"https:\/\/irisbeaute.fr\/index.php\/wp-json\/wp\/v2\/pages"}],"about":[{"href":"https:\/\/irisbeaute.fr\/index.php\/wp-json\/wp\/v2\/types\/page"}],"author":[{"embeddable":true,"href":"https:\/\/irisbeaute.fr\/index.php\/wp-json\/wp\/v2\/users\/1"}],"replies":[{"embeddable":true,"href":"https:\/\/irisbeaute.fr\/index.php\/wp-json\/wp\/v2\/comments?post=15"}],"version-history":[{"count":19,"href":"https:\/\/irisbeaute.fr\/index.php\/wp-json\/wp\/v2\/pages\/15\/revisions"}],"predecessor-version":[{"id":349,"href":"https:\/\/irisbeaute.fr\/index.php\/wp-json\/wp\/v2\/pages\/15\/revisions\/349"}],"wp:attachment":[{"href":"https:\/\/irisbeaute.fr\/index.php\/wp-json\/wp\/v2\/media?parent=15"}],"curies":[{"name":"wp","href":"https:\/\/api.w.org\/{rel}","templated":true}]}}